{"id":120,"date":"2020-03-12T02:17:51","date_gmt":"2020-03-12T01:17:51","guid":{"rendered":"http:\/\/kellerfunde.info\/?page_id=120"},"modified":"2026-04-02T15:36:49","modified_gmt":"2026-04-02T14:36:49","slug":"veranstaltungsarchiv","status":"publish","type":"page","link":"https:\/\/kellerfunde.info\/?page_id=120","title":{"rendered":"Veranstaltungsarchiv"},"content":{"rendered":"\n<p>Hier werden Berichte oder Informationen zu vergangenen Veranstaltungern ver\u00f6ffentlicht. Dazu geh\u00f6ren im Wesentlichen die Weinproben, die im Rahmen von der st\u00e4dtischen Veranstaltungsreihe <a href=\"https:\/\/www.hochheim-tourismus.de\/wein-und-genuss\/hochheimer-weinbaumuseum\/weinbaumuseum-am-abend\">&#8222;Weinbaumuseum am Abend&#8220; (WBMaA)<\/a> im Hochheimer Weinbaumuseum stattfinden bzw. stattgefunden haben. <\/p>\n\n\n\n<ul>\n<li>WBMaA am 26.03.2026 &#8211; <a href=\"http:\/\/kellerfunde.info\/wp-content\/uploads\/2026\/04\/WBMaA2026_03.pdf\">Aromarebsorten<\/a><\/li>\n\n\n\n<li>WBMaA am 26.02.2026 &#8211; <a href=\"http:\/\/kellerfunde.info\/wp-content\/uploads\/2026\/04\/WBMaA2026_02.pdf\">Europ\u00e4ische Rotweine<\/a><\/li>\n\n\n\n<li> WBMaA am 29.01.2026 &#8211; <a href=\"http:\/\/kellerfunde.info\/wp-content\/uploads\/2026\/02\/WBMaA2026_01.pdf\">Weine aus Griechenland<\/a><\/li>\n\n\n\n<li>WBMaA am 27.12.2025 &#8211; <a href=\"http:\/\/kellerfunde.info\/wp-content\/uploads\/2026\/01\/WBMaA2025_12.pdf\">B(R)est Bottle-Party<\/a><\/li>\n\n\n\n<li>WBMaA am 20.11.2025 &#8211; <a href=\"http:\/\/kellerfunde.info\/wp-content\/uploads\/2026\/01\/WBMaA2025_11.pdf\">Weine aus dem Beaujolais mit Melanie und Tom<\/a><\/li>\n\n\n\n<li>WBMaA am 30.10.2025 &#8211; <a href=\"http:\/\/kellerfunde.info\/wp-content\/uploads\/2026\/01\/WBMaA2025_10.pdf\">Weine aus S\u00fcditalien &#8211; mit Alex Mehr<\/a><\/li>\n\n\n\n<li>WBMaA am 25.9.2025 &#8211; <a href=\"http:\/\/kellerfunde.info\/wp-content\/uploads\/2025\/10\/WBMaA2025_09.pdf\">Weine aus Wiesbaden &#8211; mit Lennart Friesenhahn vom Weingut &#8222;Die M\u00fchle&#8220; in Wi-Delkenheim<\/a><\/li>\n\n\n\n<li>Weinprobe am 10.9.2025 &#8211; <a href=\"http:\/\/kellerfunde.info\/wp-content\/uploads\/2025\/09\/SchlossJohannisberg.pdf\">Jubil\u00e4en 250 Jahre Sp\u00e4tlese &amp; 300 Jahre Riesling auf Schloss Johannisberg<\/a> &#8211; Eine Probe bei der ehrbaren Mainzer Weinzunft von 1443 &#8211; Probenleitung: Dom\u00e4nenrat Wolfgang Schleicher<\/li>\n\n\n\n<li>WBMaA am 28.08.2025 &#8211; <a href=\"http:\/\/kellerfunde.info\/wp-content\/uploads\/2025\/09\/WBMaA2025_08.pdf\">Lieblingsweine der G\u00e4ste<\/a><\/li>\n\n\n\n<li>WBMaA am 31.07.2025 &#8211; <a href=\"http:\/\/kellerfunde.info\/wp-content\/uploads\/2025\/08\/WBMaA2025_07.pdf\">Jubil\u00e4en 590 Jahre Rieslingerw\u00e4hnung und 250 Jahre Sp\u00e4tlese<\/a><\/li>\n\n\n\n<li>WBMaA am 26.06.2025 &#8211; <a href=\"http:\/\/kellerfunde.info\/wp-content\/uploads\/2025\/07\/WBMaA2025_06.pdf\">Weine aus Norditalien &#8211; mit Alex Mehr<\/a><\/li>\n\n\n\n<li>WBMaA am 29.05.2025 &#8211; <a href=\"http:\/\/kellerfunde.info\/wp-content\/uploads\/2025\/05\/WBMaA2025_05.pdf\">Der neue Jahrgang 2024<\/a><\/li>\n\n\n\n<li>WBMaA am 24.04.2025 &#8211; <a href=\"http:\/\/kellerfunde.info\/wp-content\/uploads\/2025\/04\/WBMaA2025_04.pdf\">PIWI-Weine<\/a><\/li>\n\n\n\n<li>WBMaA am 27.03.2025 &#8211; <a href=\"http:\/\/kellerfunde.info\/wp-content\/uploads\/2025\/03\/WBMaA2025_03.pdf\">Weine aus Bulgarien<\/a><\/li>\n\n\n\n<li>WBMaA am 27.02.2025 &#8211; <a rel=\"noreferrer noopener\" href=\"http:\/\/kellerfunde.info\/wp-content\/uploads\/2025\/03\/WBMaA2025_02.pdf\" target=\"_blank\">Grauburgunder (aus Rheinhessen)<\/a><\/li>\n\n\n\n<li>WBMaA am 30.01.2025 &#8211; <a href=\"http:\/\/kellerfunde.info\/wp-content\/uploads\/2025\/02\/WBMaA_2025_01.pdf\">Weine aus Belgien<\/a><\/li>\n\n\n\n<li>WBMaA am 27.12.2024 &#8211; <a href=\"http:\/\/kellerfunde.info\/wp-content\/uploads\/2025\/02\/WBMaA2024_12.pdf\">B(R)est Bottle-Party<\/a><\/li>\n\n\n\n<li>WBMaA am 28.11.2024 &#8211; <a href=\"http:\/\/kellerfunde.info\/wp-content\/uploads\/2024\/11\/WBMaA_2024_11.pdf\">Weine aus Spanien<\/a><\/li>\n\n\n\n<li>WBMaA am 31.10.2024 &#8211; <a href=\"http:\/\/kellerfunde.info\/wp-content\/uploads\/2024\/11\/WBMaA_2024_10.pdf\">Weine von der Ahr<\/a><\/li>\n\n\n\n<li>WBMaA am 26.09.2024 &#8211; <a href=\"http:\/\/kellerfunde.info\/wp-content\/uploads\/2024\/10\/WBMaA_2024_09.pdf\">Jubil\u00e4um &#8211; 100x Weinbaumuseum am Abend<\/a> <\/li>\n\n\n\n<li>WBMaA am 22.08.2024 &#8211; <a href=\"http:\/\/kellerfunde.info\/wp-content\/uploads\/2024\/09\/WBMaA_2024_08.pdf\">biodynamische Weine &#8211; Ein Thema von Fabian Schmidt vom Weingut Im Weinegg &amp; Hendrik R.<\/a><\/li>\n\n\n\n<li>WBMaA am 25.07.2024 &#8211; <a href=\"http:\/\/kellerfunde.info\/wp-content\/uploads\/2024\/09\/WBMaA_2024_07.pdf\">Weine aus der Literflasche<\/a><\/li>\n\n\n\n<li>WBMaA am 27.06.2024 &#8211; <a href=\"http:\/\/kellerfunde.info\/wp-content\/uploads\/2024\/07\/WBMaA_2024_06.pdf\">Der neue Jahrgang 2023 &#8211; Weine aus dem Maingau<\/a><\/li>\n\n\n\n<li>WBMaA am 30.05.2024 &#8211; <a href=\"http:\/\/kellerfunde.info\/wp-content\/uploads\/2024\/07\/WBMaA_2024_05.pdf\">Weine aus Italien &#8211; Ein Thema zusammen mit Alex Mehr<\/a><\/li>\n\n\n\n<li>WBMaA am 25.04.2024 &#8211; <a href=\"http:\/\/kellerfunde.info\/wp-content\/uploads\/2024\/07\/WBMaA_2024_04.pdf\">Hospices de Strasbourg<\/a> &#8211; ein Thema von Melanie und Tom<\/li>\n\n\n\n<li>WBMaA am 28.03.2024 &#8211; <a href=\"http:\/\/kellerfunde.info\/wp-content\/uploads\/2024\/04\/WBMaA_2024_03.pdf\">Weine vom Bodensee<\/a><\/li>\n\n\n\n<li>WBMaA am 22.02.2024 &#8211; <a href=\"http:\/\/kellerfunde.info\/wp-content\/uploads\/2024\/02\/WBMaA_2024_02.pdf\">Rieslinge von der Nahe<\/a><\/li>\n\n\n\n<li>WBMaA am 25.01.2024 &#8211; <a href=\"http:\/\/kellerfunde.info\/wp-content\/uploads\/2024\/02\/WBMaA_2024_01.pdf\">Weine aus Georgien<\/a><\/li>\n\n\n\n<li>WBMaA am 28.12.2023 &#8211; die B(R)est Bottle-Party am Jahresende mit Mitbringbuffet. Ein entspannter Abend mit tollen Weinen (<a href=\"http:\/\/kellerfunde.info\/wp-content\/uploads\/2024\/01\/WBMaA_2023_12.pdf\">hier geht\u00b4s zur Liste<\/a>) und gut gelaunten G\u00e4sten. Das von den G\u00e4sten zusammengestellte Mitbrigbuffet war sehr abwechslungsreich . &#8211; Der <a href=\"http:\/\/kellerfunde.info\/wp-content\/uploads\/2024\/01\/AZ20231231.pdf\">Artikel<\/a> in der Allgemeinen Zeitung (AZ) vom 30.12.2023 erm\u00f6glicht einen R\u00fcckblick auf den Abend. <a href=\"http:\/\/kellerfunde.info\/wp-content\/uploads\/2024\/01\/AZ_2023-12-31.pdf\">Link auf den Artikel<\/a>.<\/li>\n\n\n\n<li>WBMaA am 30.11.2023 &#8211; <a href=\"http:\/\/kellerfunde.info\/wp-content\/uploads\/2023\/12\/WBMaA_2023_11.pdf\">Rotweine weltweit<\/a><\/li>\n\n\n\n<li> WBMaA am 26.10.2023 &#8211; <a href=\"http:\/\/kellerfunde.info\/wp-content\/uploads\/2023\/10\/WBMaA_2023_10.pdf\">Weine aus Wickerer Lagen<\/a><\/li>\n\n\n\n<li>WBMaA am 21.09.2023 &#8211;<a href=\"http:\/\/kellerfunde.info\/wp-content\/uploads\/2023\/10\/WBMaA_2023_09.pdf\"> Lieblingsweine der G\u00e4ste<\/a><\/li>\n\n\n\n<li>WBMaA am 31.08.2023 &#8211; <a href=\"http:\/\/kellerfunde.info\/wp-content\/uploads\/2023\/09\/WBMaA_2023_08-1.pdf\">Blanc de Noir<\/a> &#8211; Wei\u00dfer Wein aus roten Trauben<\/li>\n\n\n\n<li>WBMaA am 27.7.2023 &#8211; <a href=\"http:\/\/kellerfunde.info\/wp-content\/uploads\/2023\/08\/WBMaA_2023_07.pdf\">Weine aus Schleswig Holstein<\/a> &#8211; ein Probe von Melanie und Tom<\/li>\n\n\n\n<li>WBMaA am 29.6.2023 &#8211; Der neue Jahrgang 2022 &#8211; <a href=\"http:\/\/kellerfunde.info\/wp-content\/uploads\/2023\/07\/WBMaA_2023_06.pdf\">Weine aus dem Maingau<\/a><\/li>\n\n\n\n<li>WBMaA am 25.05.2023 &#8211; <a href=\"http:\/\/kellerfunde.info\/wp-content\/uploads\/2023\/06\/WBMaA_2023_05.pdf\">Demeter-Sekte<\/a> &#8211; eine prickelnde Probe mit Fabian Schmidt vom Weingut Im Weinegg und Hendrik Ruitenberg <br>Uli v. Mengden hat seinen letzten <a href=\"http:\/\/kellerfunde.info\/wp-content\/uploads\/2023\/06\/WBMaA_250523.pdf\">Pressetext <\/a>\u00fcber diese Veranstaltung verfasst. <\/li>\n\n\n\n<li><em>W<\/em>BMaA am 27.04.2023 &#8211;  <a href=\"http:\/\/kellerfunde.info\/wp-content\/uploads\/2023\/05\/WBMaA_2023_04.pdf\">Riesling-Battle<\/a> &#8211; Rheingau gegen Ortenau mit Torsten S\u00e4linger und Hendrik Ruitenberg &#8211;  Uli v. Mengden hat einen lesenswerten <a href=\"http:\/\/kellerfunde.info\/wp-content\/uploads\/2023\/05\/Ring-frei-f\u00fcr-Rheingauer-Riesling.pdf\">Artkel <\/a>\u00fcber die Veranstaltung verfasst. Hier der Artikel aus dem <a href=\"http:\/\/kellerfunde.info\/wp-content\/uploads\/2023\/05\/WK29042023.pdf\">Wiesbadener Kurier<\/a> vom 29.4.2023.<\/li>\n\n\n\n<li>WBMaA am 30.03.2023 &#8211; <a href=\"http:\/\/kellerfunde.info\/wp-content\/uploads\/2023\/04\/WBMaA_2023_03.pdf\">Ein Streifzug durch Europas Rotweine<\/a> <\/li>\n\n\n\n<li>WBMaA am <em>02.03.2023 &#8211; <\/em>Neustart mit einer B(R)est Bottle Party mit Mitbringbuffet &#8211; Ein gelungener Abend mit interessanten Weinen und gut gelaunten G\u00e4sten. Das von allen G\u00e4sten zusammengestellte Mitbrigbuffet war super. &#8211; Der Artikel in der Zeitung <a href=\"http:\/\/kellerfunde.info\/wp-content\/uploads\/2023\/03\/MainSpitze_08032023.pdf\">MAIN-SPITZE<\/a> vom 8.3. erm\u00f6glicht einen R\u00fcckblick auf den Abend. <a href=\"https:\/\/www.main-spitze.de\/lokales\/kreis-main-taunus\/hochheim-kreis-main-taunus\/hochheimer-weinbaumuseum-treffpunkt-fuer-geniesser-2372950?plus=true\">Link auf den Artikel<\/a><\/li>\n\n\n\n<li>WBMaA am 24.11.2022&nbsp;&#8211;  Sabine Wagner &amp; Sophie Denk:  <a href=\"http:\/\/kellerfunde.info\/wp-content\/uploads\/2022\/11\/WBMaA_2022_11.pdf\">Weine aus Deutschland und \u00d6sterreich<\/a> &#8211; Ein L\u00e4nderkampf der besonderen Art. &#8211; <a href=\"http:\/\/kellerfunde.info\/wp-content\/uploads\/2022\/12\/HZ_2022-12-02_L\u00e4nderkampf.jpg\">Artikel in der HZ<\/a><\/li>\n\n\n\n<li>WBMaA am 27.10.2022&nbsp;&#8211; <a href=\"http:\/\/kellerfunde.info\/wp-content\/uploads\/2022\/11\/WBMaA_2022_10.pdf\">Sauvignon Blanc<\/a> mit Sabine Wagner,  Melanie M\u00fcller &amp; Hendrik Ruitenberg &#8211; <a href=\"http:\/\/kellerfunde.info\/wp-content\/uploads\/2022\/12\/HZ2022-10_SauvignonBlanc.jpg\">Artikel in der HZ<\/a><\/li>\n\n\n\n<li>WBMaA am 29.09.2022&nbsp;&#8211;  <a href=\"http:\/\/kellerfunde.info\/wp-content\/uploads\/2022\/11\/WBMaA_2022_09.pdf\">Merlot Battle<\/a> &#8211; Rheinhessen bzw. Rheingau gegen Baden mit Torsten S\u00e4linger und  Hendrik Ruitenberg &#8211; <a href=\"http:\/\/kellerfunde.info\/wp-content\/uploads\/2022\/12\/HZ2022-09_Merlot-Battle.jpg\">Artikel in der HZ<\/a> <\/li>\n\n\n\n<li>WBMaS am 04.09.2022&nbsp;&#8211; <a href=\"http:\/\/kellerfunde.info\/wp-content\/uploads\/2022\/11\/WBMaS_2022_09.pdf\">Weine aus der tschechischen Partnerstadt Mikulov<\/a> mit Melanie M\u00fcller &amp; Hendrik Ruitenberg  <\/li>\n\n\n\n<li>WBMaA am 25.08.2022&nbsp;&#8211;<a href=\"http:\/\/kellerfunde.info\/wp-content\/uploads\/2022\/11\/WBMaA_2022_08.pdf\"> Biodynamische Weine<\/a> mit Rahel Ambrozic, Winzerin<\/li>\n\n\n\n<li>WBMaA am 28.07.2022 &#8211; <a href=\"http:\/\/kellerfunde.info\/wp-content\/uploads\/2022\/11\/WBMaA_2022_07.pdf\">Der neue Jahrgang 2021<\/a> <\/li>\n\n\n\n<li>WBMaA am 30.06.2022 &#8211; <a href=\"http:\/\/kellerfunde.info\/wp-content\/uploads\/2023\/04\/WBMaA_2022_06.pdf\">Rheingauer Weine aus Nebenerwerbsbetrieben<\/a> \u2013 Melanie M\u00fcller und Tom Huntemann stellen engagierte Nebenerwerbswinzer\u2605innen und ihre Weine vor<\/li>\n\n\n\n<li>WBMaA am 02.06.2022 &#8211; \u201eCharity- Weinprobe &#8220; \u2013 Fabian Schmidt &amp; Hendrik Ruitenberg pr\u00e4sentieren Moldawische und Ukrainische Weine<\/li>\n\n\n\n<li>WBMaA vom 28.04.2022 &#8211; Torsten S\u00e4linger pr\u00e4sentiert Weine aus der Ortenau<\/li>\n\n\n\n<li><a href=\"http:\/\/kellerfunde.info\/wp-content\/uploads\/2022\/04\/Probenliste-1.pdf\">Weine<\/a> <a href=\"http:\/\/kellerfunde.info\/wp-content\/uploads\/2022\/04\/Probenliste-1.pdf\"> aus Zeeland in der Zehntscheune<\/a> am 31.3.2022 &#8211; Johan van de Velde vom Weingut  &#8222;De kleine Schorre&#8220;, Dreischor, Schouwen-Duiveland, Zeeland, NL zu Gast bei H.Ruitenberg<\/li>\n\n\n\n<li>WBMaA am 30.12.2021 &#8211; <a href=\"http:\/\/kellerfunde.info\/?p=194\"> Weine vom Weingut Apostelhoeve, Maastricht, NL<\/a><\/li>\n\n\n\n<li>WBMaA am 25.11.2021 &#8211; Rotwein-Talk zwischen Clemens Rosenkranz (WG Rebenhof, Hochheim) &amp; Fabian Schmidt (WG Im Weinegg, Hochheim)<\/li>\n\n\n\n<li>WBMaA am 28.10.2021 &#8211; Weine vom Weingut Himmel<\/li>\n\n\n\n<li>WBMaA goes outdoor am 30.9.21 &#8211; Part 2  mit Hochheimer WinzerInnen im Hummelpark<\/li>\n\n\n\n<li>WBMaA goes outdoor am 26.8.21 &#8211; Weinprobe mit Mainwerk\u00b3 im Hummelpark<\/li>\n\n\n\n<li><em>Pause wg. Corona<\/em><\/li>\n\n\n\n<li>WBMaA am 27.02.2020 &#8211; Biodynamische Weine, <a href=\"http:\/\/kellerfunde.info\/wp-content\/uploads\/2020\/03\/64_Probe_2020_02_27.pdf\">Probenliste<\/a><\/li>\n\n\n\n<li>WBMaA am 30.01.2020 &#8211; Durchf\u00fchrung Melanie &amp; Tom  &#8211; Von Witwen und Ihren Enkelinnen &#8211; Winzerinnen damals und heute <\/li>\n\n\n\n<li>WBMaA am 19.12.2019 &#8211; B(R)est Bottle Party<\/li>\n\n\n\n<li>WBMaA am 28.11.2019 &#8211; Rotweine<\/li>\n\n\n\n<li>WBMaA am 31.10.2019 &#8211; \u00c4ltere Jahrg\u00e4nge<\/li>\n\n\n\n<li>WBMaA am 26.09.2019 &#8211; Lage: Wei\u00df Erd<\/li>\n\n\n\n<li>WBMaA am 29.08.2019 &#8211; Urlaubsweine<\/li>\n\n\n\n<li>WBMaA am 25.07.2019 &#8211; Rebsorte im Fokus: Scheurebe<\/li>\n\n\n\n<li>WBMaA am 27.06.2019 &#8211; Lieblingsweine der G\u00e4ste<\/li>\n\n\n\n<li>WBMaA am 23.05.2019 &#8211; Der neue Jahrgang 2018<\/li>\n\n\n\n<li>WBMaA am 24.04.2019 &#8211; Weine aus den Niederlanden<\/li>\n\n\n\n<li>WBMaA am 28.03.2019 &#8211; Durchf\u00fchrung Melanie, Tom &amp; Hendrik- Weine aus Frankreich &#8211; Region Loire<\/li>\n\n\n\n<li>WBMaA am 28.02.2019 &#8211; Barrique-Weine<\/li>\n\n\n\n<li>WBMaA am 31.01.2019 &#8211; Durchf\u00fchrung Melanie &amp; Tom &#8211; Liebfraumilch<\/li>\n\n\n\n<li>WBMaA am 27.12.2018 &#8211; B(R)est Bottle Party<\/li>\n\n\n\n<li>WBMaA am 29.11.2018 &#8211; Rotweine<\/li>\n\n\n\n<li>WBMaA am 25.10.2018 &#8211; Mainwerk\u00b3 stellt sich vor (MAINWERK3 = Jungwinzervereinigung von WinzerInnen aus Wicker, Kostheim und Hochheim am Main)<\/li>\n\n\n\n<li>WBMaA am 27.09.2018 &#8211; Stielweg<\/li>\n\n\n\n<li>WBMaA am 30.08.2018 &#8211; Urlaubsweine: Franken, Sachsen, Brandenburg &amp; Niederlande<\/li>\n\n\n\n<li>WBMaA vom 26.07.2018 &#8211; Rebsorte im Fokus: M\u00fcller-Thurgau<\/li>\n\n\n\n<li>WBMaA am 28.06.2018 &#8211; Lieblingsweine der G\u00e4ste<\/li>\n\n\n\n<li>WBMaA am 24.05.2018 &#8211; Der neue Jahrgang 2017<\/li>\n\n\n\n<li>WBMaA am 26.04.2018 &#8211; Hochheimer Strau\u00dfwirtschaften und Ihre Weine<\/li>\n\n\n\n<li>WBMaA am 28.03.2018 zusammen mit Simon Schreiber (Weingut Schreiber, Hochheim) &amp; Andreas Hattemer (Vorsitzender von ECOVIN, Weingut Kronenhof, Gau-Algesheim)  &#8211; Weine von Bio-Winzern (<strong>ECO<\/strong>VIN)<\/li>\n\n\n\n<li>WBMaA am 22.02.2018 &#8211; Weine von der Ahr<\/li>\n\n\n\n<li>WBMaA am 25.01.2018  &#8211; Durchf\u00fchrung Tom H. &#8211; Main aufw\u00e4rts<\/li>\n\n\n\n<li>WBMaA am 28.12.2017 &#8211; B(R)est Bottle Party<\/li>\n\n\n\n<li>WBMaA am 30.11.2017 &#8211; Rotweine<\/li>\n\n\n\n<li>WBMaA am 26.10.2017- Hochheimer Winzer und Ihre Weine<\/li>\n\n\n\n<li>WBMaA am 28.09.2017 &#8211; Reichestal<\/li>\n\n\n\n<li>WBMaA am 31.08.2017 &#8211; Urlaubsweine<\/li>\n\n\n\n<li>WBMaA am 27.07.2017 &#8211; Rebsorte im Fokus: Chardonnay<\/li>\n\n\n\n<li>WBMaA am 29.06.2017 &#8211; Lieblingsweine<\/li>\n\n\n\n<li>WBMaA am 18.05.2017 &#8211; Der neue Jahrgang 2016<\/li>\n\n\n\n<li>WBMaA am 27.04.2017 &#8211; PiWi\u00b4s mit Adam Dijkstra, Wijnhoeve Colonjes, Groesbeek,NL<\/li>\n\n\n\n<li>WBMaA am 30.03.2017 &#8211; Aromarebsorten<\/li>\n\n\n\n<li>WBMaA am 23.02.2017 &#8211; Milde Weine<\/li>\n\n\n\n<li>WBMaA am 26.01.2017 &#8211; Durchf\u00fchrung Melanie M.  &#8211; Orange Weine<\/li>\n\n\n\n<li>WBMaA am 29.12.2016 &#8211; Weintrauben einmal anders<\/li>\n\n\n\n<li>WBMaA am 24.11.2016 &#8211; Weine \u00e4lterer Jahrg\u00e4nge 2<\/li>\n\n\n\n<li>WBMaA am 27.10.2016 &#8211; Hochheimer Rotweine<\/li>\n\n\n\n<li>WBMaA am 29.09.2016 &#8211; Kirchenst\u00fcck und Domdechaney<\/li>\n\n\n\n<li>WBMaA am 25.08.2016 &#8211; Urlaubsweine<\/li>\n\n\n\n<li>WBMaA am 28.07.2016 &#8211; Lieblingsweine<\/li>\n\n\n\n<li>WBMaA am 30.06.2016 &#8211; Durchf\u00fchrung Melanie M. &#8211; W\u00fcrttemberg zu Gast im Rheingau<\/li>\n\n\n\n<li>WBMaA am Mi. 25.05.2016 &#8211; Der neue Jahrgang 2015<\/li>\n\n\n\n<li>WBMaA am 28.04.2016 &#8211; Durchf\u00fchrung Alex M. &#8211; Ein verkannter Wein aus Italien &#8211; Lambrusco<\/li>\n\n\n\n<li>WBMaA am 31.03.2016 &#8211; Weine \u00e4lterer Jahrg\u00e4nge<\/li>\n\n\n\n<li>WBMaA am 25.02.2016 &#8211; Rebsorte im Fokus: Weissburgunder<\/li>\n\n\n\n<li>WBMaA am 28.01.2016 &#8211; Weine von VDP-Weing\u00fctern<\/li>\n\n\n\n<li>WBMaA am 26.11.2015 &#8211; Hochheimer Weine im Holz<\/li>\n\n\n\n<li>WBMaA am 29.10.2015 &#8211; Hochheimer Jungwinzer<\/li>\n\n\n\n<li>WBMaA am 24.09.2015 &#8211; Hochheimer Rotweine Teil 2<\/li>\n\n\n\n<li>WBMaA am 27.08.2015 &#8211; Urlaub von Hochheim<\/li>\n\n\n\n<li>WBMaA am 30.07.2015 &#8211; Hochheimer Reichesthal<\/li>\n\n\n\n<li>WBMaA am 25.06.2015 &#8211; Der neue Jahrgang 2014<\/li>\n\n\n\n<li>WBMaA am 28.05.2015 &#8211; Weine aus der Region der Partnerstadt Le Pontet<\/li>\n\n\n\n<li>WBMaA am 30.04.2015 &#8211; Weine aus der H\u00f6lle<\/li>\n\n\n\n<li>WBMaA am 27.03.2015 &#8211; Rebsorte im Fokus: Silvaner<\/li>\n\n\n\n<li>WBMaA am 26.02.2015 &#8211; Wei\u00dfherbst und Ros\u00e9<\/li>\n\n\n\n<li>WBMaA am 29.01.2015 &#8211; Hochheimer Rotweine<\/li>\n\n\n\n<li>WBMaA am 27.11.2014 &#8211; Milde Weine<\/li>\n\n\n\n<li>WBMaA am 30.10.2014 &#8211; Aromarebsorten<\/li>\n\n\n\n<li>WBMaA am 25.09.2014 &#8211; Classic&#8217;er<\/li>\n\n\n\n<li>die Liste wird nach und nach erweitert<\/li>\n<\/ul>\n\n\n\n<p>Weitere Hintergrundinformationen zu den Veranstaltungen k\u00f6nnen Sie per Email unter <a href=\"mailto:email@kellerfunde.info\">email@kellerfunde.info<\/a> erhalten.<\/p>\n","protected":false},"excerpt":{"rendered":"<p>Hier werden Berichte oder Informationen zu vergangenen Veranstaltungern ver\u00f6ffentlicht. Dazu geh\u00f6ren im Wesentlichen die Weinproben, die im Rahmen von der st\u00e4dtischen Veranstaltungsreihe &#8222;Weinbaumuseum am Abend&#8220; (WBMaA) im Hochheimer Weinbaumuseum stattfinden bzw. stattgefunden haben. Weitere Hintergrundinformationen zu den Veranstaltungen k\u00f6nnen Sie per Email unter email@kellerfunde.info erhalten.<\/p>\n","protected":false},"author":1,"featured_media":0,"parent":0,"menu_order":0,"comment_status":"closed","ping_status":"closed","template":"","meta":[],"_links":{"self":[{"href":"https:\/\/kellerfunde.info\/index.php?rest_route=\/wp\/v2\/pages\/120"}],"collection":[{"href":"https:\/\/kellerfunde.info\/index.php?rest_route=\/wp\/v2\/pages"}],"about":[{"href":"https:\/\/kellerfunde.info\/index.php?rest_route=\/wp\/v2\/types\/page"}],"author":[{"embeddable":true,"href":"https:\/\/kellerfunde.info\/index.php?rest_route=\/wp\/v2\/users\/1"}],"replies":[{"embeddable":true,"href":"https:\/\/kellerfunde.info\/index.php?rest_route=%2Fwp%2Fv2%2Fcomments&post=120"}],"version-history":[{"count":113,"href":"https:\/\/kellerfunde.info\/index.php?rest_route=\/wp\/v2\/pages\/120\/revisions"}],"predecessor-version":[{"id":1297,"href":"https:\/\/kellerfunde.info\/index.php?rest_route=\/wp\/v2\/pages\/120\/revisions\/1297"}],"wp:attachment":[{"href":"https:\/\/kellerfunde.info\/index.php?rest_route=%2Fwp%2Fv2%2Fmedia&parent=120"}],"curies":[{"name":"wp","href":"https:\/\/api.w.org\/{rel}","templated":true}]}}