{"id":136,"date":"2020-04-20T16:22:52","date_gmt":"2020-04-20T15:22:52","guid":{"rendered":"http:\/\/kellerfunde.info\/?page_id=136"},"modified":"2025-06-17T15:11:00","modified_gmt":"2025-06-17T14:11:00","slug":"berichte","status":"publish","type":"page","link":"https:\/\/kellerfunde.info\/?page_id=136","title":{"rendered":"Berichte"},"content":{"rendered":"\n<p class=\"has-medium-font-size\">Unter dieser Rubrik werden in unregelm\u00e4\u00dfigen Abst\u00e4nden Berichte, Hinweise und interessante Informationen zu finden sein.<\/p>\n\n\n\n<p class=\"has-medium-font-size\">Die Veranstaltungsreihe \u201eWeinbaumuseum am Abend\u201c im Hochheimer Weinbaumuseum, die immer am letzten Donnerstag im Monat stattfand, wird seit September 2014 veranstaltet. Die letzte Veranstaltung, vor der langen pandemiebedingten Pause war im Februar 2020 zum Thema biodynamische Weine. Der Abend, gestaltet von Fabian Schmidt und mir, war ein voller Erfolg und ein Highlight der Reihe. Aufgrund der Corona Pandemie waren alle Veranstaltungen im Weinbaumuseum in Hochheim von M\u00e4rz 2020 bis Juli 2021 gecancelt worden.<\/p>\n\n\n\n<p class=\"has-medium-font-size\"><strong>Der Neustart mit der Veranstaltung &#8222;Weinbaumuseum am Abend&#8220; (WBMaA) mit den beiden Veranstaltungen im Hummelpark im August und September 2021 war gegl\u00fcckt.<\/strong> Die dann im Weinbaumuseum durchgef\u00fchrten Veranstaltungen waren alle ausverkauft. Das lag aber auch an den begrenzten Teilnehmerzahlen von 30 Personen im Oktober und November bzw. sogar nur 15 Personen im Dezember. Leider ist bis jetzt die Normailt\u00e4t nicht wieder zur\u00fcckgekehrt. Die Pandemie erlaubt bisher keine gr\u00f6\u00dferen Veranstaltungen im Weinbaumuseum.  <\/p>\n\n\n\n<p class=\"has-medium-font-size\"><strong>Die Vorstellung des &#8222;neuen&#8220; Jahrgangs 2021 <\/strong>am 28.7.2022 war eine vom Riesling gepr\u00e4gte Veranstaltung. Logisch, denn noch immer ist der Riesling im Rheingau und auch in Hochheim die vorherrschende Rebsorte. Da es in Hochheim sehr viele gute Winzer gibt, die allen inzwischen verschiedene Weine vom Jahrgang 2021 im Verkauf haben, viel die Auswahl nicht leicht. Au\u00dferdem wurden auch noch Exoten oder besondere Weine in der Verkostung pr\u00e4sentiert. So wr es nicht verwunderlich, dass die \u00fcbliche Anzahl an Weinen \u00fcberschritten wurde. Es entwickelt sich schnell eine angeregte Gespr\u00e4chsrunde. Die Veranstaltung war sehr kurzweilig  und alle, &#8222;Stammkunden&#8220;, Neulinge und die Organisatoren waren gl\u00fccklich, die Probe mitgemacht zu haben.<\/p>\n\n\n\n<p class=\"has-medium-font-size\">Die Veranstaltung von Melanie und Tom am 30.6.2022 mit dem Thema <strong>Nebenerwerbswinzer:innen aus dem Rheingau<\/strong>, war eine spannende Veranstaltung. Es gab hier viel Neues zu entdecken. Vor allem die Leidenschaft mit der die Winzer:innen tolle Weine erzeugen war zu sp\u00fcren. <\/p>\n\n\n\n<p class=\"has-medium-font-size\">Die am 2. Juni 2022 durchgef\u00fchrte <strong>Charity-Weinprobe <\/strong>war leider nicht so gut besucht. Trotzdem wurden durch Spenden und die Eintrittsgelder 400 \u20ac eingenommen. Der Betrag wird zu gleichen Teilen an die \u201eNachbarschaftshilfe Ukraine\u201c, die einmal im Monat einen Familiennachmittag organisiert und an den Verein \u201eUkrainischer Verein Mainz e.V.&#8220; \u00fcbergeben. Details \u00fcber die Weinprobe folgen noch.<\/p>\n\n\n\n<p class=\"has-medium-font-size\"><strong>Die Veranstaltung<\/strong> <strong>&#8222;Weinbaumuseum am Abend&#8220; (WBMaA) <\/strong> <strong>am 28.4.2022 fand wieder im Weinbaumuseum in Hochheim statt. Thema diesmal: Weine aus der Ortenau<\/strong>. Auch diese Veranstaltung war alles andere als gew\u00f6hnlich. Die Weinprobe hat Torsten S\u00e4linger, zertifizierter Wein-Guide f\u00fcr die Ortenau, durchgef\u00fchrt. Die Ortenau geh\u00f6rt zum Weinbaugebiet Baden und umfasst die Regionen s\u00fcdlich von Baden-Baden entlang des Schwarzwaldes bis ins s\u00fcdliche Gengenbach. Sie liegt in den Landkreisen Ortenau, Baden-Baden und Rastatt. Typische Rebsorten der Region sind M\u00fcller-Thurgau, Riesling und Sp\u00e4tburgunder. Torsten S\u00e4linger war vor 3 Jahren in einer Veranstaltung von Weinbaumuseum am Abend als Gast und fand das Format so gut, dass er noch an dem Abend fragte, ob er selbst eine Weinprobe im Museum durchf\u00fchren k\u00f6nne. Eigentlich war die Weinprobe f\u00fcr M\u00e4rz 2020 geplant. Jetzt hatte die Weinprobe endlich stattgefunden. Torsten S\u00e4linger hat die Weinprobe als Wanderung durch die Ortenau gestaltet. Die Weinprobe wurde durch eine aussergew\u00f6hnliche Pr\u00e4sentation untermauert. Torsten S\u00e4linger hat Gegend und die Weinberge, auf denen die vorgestellten Weine gewachsen sind, mit selbsthergestellten Drohnenaufnahmen anschaulich pr\u00e4sentiert. Die ausgeschenkten Weine waren sehr gut ausgew\u00e4hlt und haben die Region und seine Vielfalt auf\u00b4s vorz\u00fcgliche repr\u00e4sentiert.<\/p>\n\n\n\n<p class=\"has-medium-font-size\">Aufgrund der Pandemie konnte die Veranstaltung &#8230;<\/p>\n\n\n\n<h3 class=\"wp-block-heading\">Weine aus Zeeland mit Johan van de Velde<\/h3>\n\n\n\n<p class=\"has-medium-font-size\">&#8230;  am 31. M\u00e4rz 2022 nicht im Weinbaumuseum durchgef\u00fchrt werden. Sie fand in der <strong>Zehntscheune des Domdechant Werner\u2019schen Weinguts <\/strong>statt.  <\/p>\n\n\n\n<p class=\"has-medium-font-size\">Die Weinprobe war aus vielerlei Hinsicht eine beeindruckende Veranstaltung.<\/p>\n\n\n\n<div class=\"wp-block-group is-layout-flow\"><div class=\"wp-block-group__inner-container\">\n<div class=\"wp-block-group is-layout-flow\"><div class=\"wp-block-group__inner-container\">\n<p class=\"has-medium-font-size\"><img decoding=\"async\" loading=\"lazy\" width=\"2560\" height=\"1166\" class=\"wp-image-288\" style=\"width: 700px;\" src=\"http:\/\/kellerfunde.info\/wp-content\/uploads\/2022\/04\/20220331_Weinprobe-2-scaled.jpg\" alt=\"\" srcset=\"https:\/\/kellerfunde.info\/wp-content\/uploads\/2022\/04\/20220331_Weinprobe-2-scaled.jpg 2560w, https:\/\/kellerfunde.info\/wp-content\/uploads\/2022\/04\/20220331_Weinprobe-2-300x137.jpg 300w, https:\/\/kellerfunde.info\/wp-content\/uploads\/2022\/04\/20220331_Weinprobe-2-1024x466.jpg 1024w, https:\/\/kellerfunde.info\/wp-content\/uploads\/2022\/04\/20220331_Weinprobe-2-768x350.jpg 768w, https:\/\/kellerfunde.info\/wp-content\/uploads\/2022\/04\/20220331_Weinprobe-2-1536x700.jpg 1536w, https:\/\/kellerfunde.info\/wp-content\/uploads\/2022\/04\/20220331_Weinprobe-2-2048x933.jpg 2048w\" sizes=\"(max-width: 2560px) 100vw, 2560px\" \/><br>Johan van de Velde in der Zehntscheune. Foto: H.Ruitenberg <\/p>\n<\/div><\/div>\n<\/div><\/div>\n\n\n\n<p><img decoding=\"async\" loading=\"lazy\" width=\"856\" height=\"290\" class=\"wp-image-293\" style=\"width: 700px;\" src=\"http:\/\/kellerfunde.info\/wp-content\/uploads\/2020\/01\/Probenfolge.jpg\" alt=\"\" srcset=\"https:\/\/kellerfunde.info\/wp-content\/uploads\/2020\/01\/Probenfolge.jpg 856w, https:\/\/kellerfunde.info\/wp-content\/uploads\/2020\/01\/Probenfolge-300x102.jpg 300w, https:\/\/kellerfunde.info\/wp-content\/uploads\/2020\/01\/Probenfolge-768x260.jpg 768w\" sizes=\"(max-width: 856px) 100vw, 856px\" \/><\/p>\n\n\n<p><!-- \/wp:paragraph --><\/p>\n<p><!--EndFragment--><\/p>\n<p><!-- wp:paragraph {\"fontSize\":\"medium\"} --><\/p>\n<p>\u00a0<\/p>\n<p><!-- \/wp:paragraph --><\/p>\n<p class=\"has-medium-font-size\">Das bsherige Highlight war sicherlich die <strong>Jubil\u00e4umsveranstaltung<\/strong>. Die <strong><em class=\"has-medium-font-size\">100. Weinprobe unter dem Motto <\/em>Weinbaumuseum am Abend<\/strong> wurde geb\u00fchrend <a href=\"https:\/\/kellerfunde.info\/?p=885\">gefeiert<\/a>.<\/p>\n<p><!-- \/wp:paragraph --><\/p>\n<p><!-- wp:paragraph {\"fontSize\":\"medium\"} --><\/p>\n<p class=\"has-medium-font-size\">Auch au\u00dferhalb des Weinbaumuseums habe ich in den letzten 12 Jahren viele Veranstaltungen zum Thema Wein organisiert. Seit Anfang 2023 bin ich im neu gegr\u00fcndeten Verein &#8222;Hochheimer Weinclub &#8211; GenussSpechte e.V.&#8220; engagiert.<\/p>\n<p><!-- \/wp:paragraph --><\/p>\n<p><!-- wp:paragraph {\"fontSize\":\"medium\"} --><\/p>\n<p class=\"has-medium-font-size\">Auch durch die verschiendenen Veranstaltungen der GDW (Gesellschaft der Deutschsprachigen Weinbrudersachaften) habe ich in den letzten Jahren viele Weininteressierte kennengelernt. Dadurch ergaben sich viele Gelegenheiten, um Weinproben mit Niederl\u00e4ndischen Weinen (meinem Spezialgebiet und eine echte Herzens-angelegenheit) f\u00fcr weinaffine Gruppen im Rhein-Main-Gebiet zu organisieren und durchzuf\u00fchren. In den letzten Jahren habe ich im Schnitt pro Jahr eine Weinprobe mit Weinen aus den Niederlanden durchgef\u00fchrt.<\/p>\n<p class=\"has-medium-font-size\">Das letzte Projekt war eine <a href=\"http:\/\/kellerfunde.info\/wp-content\/uploads\/2025\/06\/2Tage-NL-Weinreise.pdf\"><strong>zweit\u00e4gige Weinreise nach Maastricht<\/strong><\/a>. Der Wuppertaler Weinkonvent wurde von mir in das &#8222;Zentrum&#8220; des niederl\u00e4ndischen Weinanbaus gef\u00fchrt. Dies war die inzwischen dritte, von mir organisierte, Gruppenreise in die Niederlande. <\/p>\n<p class=\"has-medium-font-size\">Auf Anfrage stelle ich gerne eine individuelle Tour f\u00fcr Gruppen bis 20 Personen zusammen. Die Niederl\u00e4ndischen Weinbaubetriebe sind eine Reise wert. Die Top-Winzer sind sehr dynamisch und es gibt immer wieder Neues zu entdecken.<\/p>\n<p>\u00a0<\/p>","protected":false},"excerpt":{"rendered":"<p>Unter dieser Rubrik werden in unregelm\u00e4\u00dfigen Abst\u00e4nden Berichte, Hinweise und interessante Informationen zu finden sein. Die Veranstaltungsreihe \u201eWeinbaumuseum am Abend\u201c im Hochheimer Weinbaumuseum, die immer am letzten Donnerstag im Monat stattfand, wird seit September 2014 veranstaltet. Die letzte Veranstaltung, vor der langen pandemiebedingten Pause war im Februar 2020 zum Thema<\/p>\n","protected":false},"author":1,"featured_media":0,"parent":0,"menu_order":0,"comment_status":"closed","ping_status":"closed","template":"","meta":[],"_links":{"self":[{"href":"https:\/\/kellerfunde.info\/index.php?rest_route=\/wp\/v2\/pages\/136"}],"collection":[{"href":"https:\/\/kellerfunde.info\/index.php?rest_route=\/wp\/v2\/pages"}],"about":[{"href":"https:\/\/kellerfunde.info\/index.php?rest_route=\/wp\/v2\/types\/page"}],"author":[{"embeddable":true,"href":"https:\/\/kellerfunde.info\/index.php?rest_route=\/wp\/v2\/users\/1"}],"replies":[{"embeddable":true,"href":"https:\/\/kellerfunde.info\/index.php?rest_route=%2Fwp%2Fv2%2Fcomments&post=136"}],"version-history":[{"count":15,"href":"https:\/\/kellerfunde.info\/index.php?rest_route=\/wp\/v2\/pages\/136\/revisions"}],"predecessor-version":[{"id":1132,"href":"https:\/\/kellerfunde.info\/index.php?rest_route=\/wp\/v2\/pages\/136\/revisions\/1132"}],"wp:attachment":[{"href":"https:\/\/kellerfunde.info\/index.php?rest_route=%2Fwp%2Fv2%2Fmedia&parent=136"}],"curies":[{"name":"wp","href":"https:\/\/api.w.org\/{rel}","templated":true}]}}