{"id":87,"date":"2020-01-28T11:30:59","date_gmt":"2020-01-28T10:30:59","guid":{"rendered":"http:\/\/kellerfunde.info\/?page_id=87"},"modified":"2024-02-28T14:57:00","modified_gmt":"2024-02-28T13:57:00","slug":"ueber-kellerfunde-info","status":"publish","type":"page","link":"https:\/\/kellerfunde.info\/?page_id=87","title":{"rendered":"\u00dcber kellerfunde.info"},"content":{"rendered":"\n<p class=\"has-normal-font-size\">Diese Webseite befasst sich mit dem Thema Wein. Mein Name ist Hendrik Ruitenberg. Ich besch\u00e4ftige mich seit Jahren mit diesem Getr\u00e4nk und seiner Herstellung.<br> <img decoding=\"async\" loading=\"lazy\" width=\"962\" height=\"1363\" class=\"wp-image-460\" style=\"width: 150px;\" src=\"http:\/\/kellerfunde.info\/wp-content\/uploads\/2023\/03\/Hendrik_AxelConradi.jpg\" alt=\"\" srcset=\"https:\/\/kellerfunde.info\/wp-content\/uploads\/2023\/03\/Hendrik_AxelConradi.jpg 962w, https:\/\/kellerfunde.info\/wp-content\/uploads\/2023\/03\/Hendrik_AxelConradi-212x300.jpg 212w, https:\/\/kellerfunde.info\/wp-content\/uploads\/2023\/03\/Hendrik_AxelConradi-723x1024.jpg 723w, https:\/\/kellerfunde.info\/wp-content\/uploads\/2023\/03\/Hendrik_AxelConradi-768x1088.jpg 768w\" sizes=\"(max-width: 962px) 100vw, 962px\" \/><br><em>Foto: (C) Axel Conradi<\/em><br>Man kann sich auf unterschiedlichste Weise mit den verschiedenen  Rebsorten, Bodenarten und Weinqualit\u00e4ten besch\u00e4ftigen. An dem Probieren  der unterschiedlichen Weine f\u00fchrt dabei kein Weg vorbei. Es gibt viele  Gelegenheiten um Weine zu probieren. Sei es direkt beim Winzer, auf  Hoffesten, an Weinprobierst\u00e4nden, Messen und bei Pr\u00e4senz- oder  Online-Weinproben. Auf dieser Webseite werden einige Termine von  Hoffesten, Weinproben, Weinpr\u00e4sentationen und Weinprobierst\u00e4nde  aufgef\u00fchrt. Nat\u00fcrlich k\u00f6nnen hier nicht alle Termine aufgelistet werden.  Der Veranstaltungskalender hat nicht den Anspruch auf Vollst\u00e4ndigkeit.  Der Fokus liegt auf das Weinanbaugebiet Rheingau und hier speziell auf  Hochheim am Main. Viele Spa\u00df beim St\u00f6bern nach interessanten  Veranstaltungen. <\/p>\n\n\n\n<p>Sollten Sie selbst eine Weinprobe organisieren wollen, stehe ich Ihnen gerne als Probenleiter zur Verf\u00fcgung. Seit 2014 organisiere und leite ich Weinproben zu den unterschiedlichsten Themen. Auf dieser Webseite finden Sie eine entsprechende Liste.<\/p>\n\n\n\n<p>Gerne gebe\nich Ihnen Tipps beim Weinkauf oder organisiere Ihnen einen f\u00fcr Sie passenden\nWein. <\/p>\n\n\n\n<p>Wenn Sie Weine aus den Niederlanden suchen stehe ich Ihnen gerne mit meinem Spezialwissen zur Verf\u00fcgung.<\/p>\n\n\n\n<p>Anfang 2023 bin ich der Intitiative Wine in Moderation (WiM) <a href=\"http:\/\/kellerfunde.info\/wp-content\/uploads\/2024\/02\/SUPPORTER-CERTIFICATE-WIM_Kellerfunde.pdf\">begetreten<\/a>. <br>Wein und Sekt stehen f\u00fcr Genussg\u00fcter mit hohem Kulturwert. Dies  begr\u00fcndet ihr gutes Image ebenso wie die Tatsache, dass sie weniger  missbr\u00e4uchlich konsumiert werden. Damit dies auch so bleibt, engagiert  sich die europ\u00e4ische Weinbranche in der gemeinsamen Initiative Wine in  Moderation (WiM) f\u00fcr den verantwortungsvollen moderaten Umgang mit Wein  und Sekt. <br><strong>Bewusst entscheiden &#8211; Bewusst genie\u00dfen &#8211; Bewusst verzichten<\/strong> &#8211;\u00a0das ist die Botschaft! Nur so passen Wein und Sekt in eine moderne gesundheitsbewusste Lebensweise. <br><img decoding=\"async\" loading=\"lazy\" width=\"1007\" height=\"280\" class=\"wp-image-455\" style=\"width: 150px;\" src=\"http:\/\/kellerfunde.info\/wp-content\/uploads\/2023\/03\/Logo_Wine-in-Moderation.jpg\" alt=\"\" srcset=\"https:\/\/kellerfunde.info\/wp-content\/uploads\/2023\/03\/Logo_Wine-in-Moderation.jpg 1007w, https:\/\/kellerfunde.info\/wp-content\/uploads\/2023\/03\/Logo_Wine-in-Moderation-300x83.jpg 300w, https:\/\/kellerfunde.info\/wp-content\/uploads\/2023\/03\/Logo_Wine-in-Moderation-768x214.jpg 768w\" sizes=\"(max-width: 1007px) 100vw, 1007px\" \/><br><a href=\"https:\/\/www.wineinmoderation.eu\/de\/\">Wein bewusst geniessen<\/a> ist genau dass, was ich vermitteln m\u00f6chte.<\/p>\n","protected":false},"excerpt":{"rendered":"<p>Diese Webseite befasst sich mit dem Thema Wein. Mein Name ist Hendrik Ruitenberg. Ich besch\u00e4ftige mich seit Jahren mit diesem Getr\u00e4nk und seiner Herstellung. Foto: (C) Axel ConradiMan kann sich auf unterschiedlichste Weise mit den verschiedenen Rebsorten, Bodenarten und Weinqualit\u00e4ten besch\u00e4ftigen. An dem Probieren der unterschiedlichen Weine f\u00fchrt dabei kein<\/p>\n","protected":false},"author":1,"featured_media":0,"parent":0,"menu_order":0,"comment_status":"closed","ping_status":"closed","template":"","meta":[],"_links":{"self":[{"href":"https:\/\/kellerfunde.info\/index.php?rest_route=\/wp\/v2\/pages\/87"}],"collection":[{"href":"https:\/\/kellerfunde.info\/index.php?rest_route=\/wp\/v2\/pages"}],"about":[{"href":"https:\/\/kellerfunde.info\/index.php?rest_route=\/wp\/v2\/types\/page"}],"author":[{"embeddable":true,"href":"https:\/\/kellerfunde.info\/index.php?rest_route=\/wp\/v2\/users\/1"}],"replies":[{"embeddable":true,"href":"https:\/\/kellerfunde.info\/index.php?rest_route=%2Fwp%2Fv2%2Fcomments&post=87"}],"version-history":[{"count":13,"href":"https:\/\/kellerfunde.info\/index.php?rest_route=\/wp\/v2\/pages\/87\/revisions"}],"predecessor-version":[{"id":706,"href":"https:\/\/kellerfunde.info\/index.php?rest_route=\/wp\/v2\/pages\/87\/revisions\/706"}],"wp:attachment":[{"href":"https:\/\/kellerfunde.info\/index.php?rest_route=%2Fwp%2Fv2%2Fmedia&parent=87"}],"curies":[{"name":"wp","href":"https:\/\/api.w.org\/{rel}","templated":true}]}}