{"id":91,"date":"2020-01-28T11:35:32","date_gmt":"2020-01-28T10:35:32","guid":{"rendered":"http:\/\/kellerfunde.info\/?page_id=91"},"modified":"2025-09-15T08:32:02","modified_gmt":"2025-09-15T07:32:02","slug":"veranstaltungen","status":"publish","type":"page","link":"https:\/\/kellerfunde.info\/?page_id=91","title":{"rendered":"Veranstaltungen"},"content":{"rendered":"\n<p>Hier werden verschiedene Veranstaltungen zum Thema Wein beschrieben. \nIm VERANSTALTUNGSKALENDER sind die Termine \u00fcbersichtlich eingetragen.<\/p>\n\n\n\n<ul>\n<li>Weinproben im Weinbaumuseum Hochheim am Main <a href=\"http:\/\/kellerfunde.info\/?p=76\">http:\/\/kellerfunde.info\/?p=76<\/a><\/li>\n\n\n\n<li>Veranstaltungen des neuen Vereins <a href=\"http:\/\/GenussSpechte.de\">Hochheimer Weinclub &#8211; die GenussSpechte e.V.<\/a><br><\/li>\n<\/ul>\n\n\n\n<p><strong>Hoffeste verschiedener Winzer<\/strong><\/p>\n\n\n\n<figure class=\"wp-block-table\"><table><tbody><tr><td>23. &#8211; 26. Mai<\/td><td>Fr ab 17 Uhr<br>Sa &amp; So ab 15 Uhr<\/td><td>Weingut Sch\u00e4fer, Elisabethenstr. 4, Hochheim<\/td><td>Fr\u00fchlings-Hof- &amp; Stra\u00dfenfest<\/td><\/tr><tr><td>4. &#8211; 6. Juli<\/td><td>ab 16 Uhr<\/td><td>Weingut Rebenhof, Frankfurter Str. 57-59, Hochheim<\/td><td>Weingarten im Weingut<\/td><\/tr><tr><td>18. Juli<\/td><td>18.30 Uhr<\/td><td>WG Bastian Petry, Diedenberger-Weg 10, Massenheim<\/td><td>Landpartie ITALIENISCH<\/td><\/tr><tr><td>18. &#8211; 20. Juli<\/td><td><\/td><td>Weingut Baison, Delkenheimer Str. 18-20, Hochheim<\/td><td>Hoffest<\/td><\/tr><tr><td>25. &#8211; 27. Juli<\/td><td>Fr ab 17 Uhr<br>Sa ab 15 Uhr<br>So ab 15 Uhr<\/td><td>Weingut Sch\u00e4fer, Massenheimer Landstr. 17, Hochheim<\/td><td>Sommerfest<\/td><\/tr><tr><td>12. September<\/td><td>16 &#8211; 23 Uhr<\/td><td>Weingut Schreiber, Johanneshof, Hochheim<\/td><td>Hoffest<\/td><\/tr><tr><td>3. &#8211; 5. Oktober <\/td><td>ab 16 Uhr<\/td><td>Weingut Rebenhof, Frankfurter Str. 57-59, Hochheim<\/td><td>Goldene Herbsttage<\/td><\/tr><\/tbody><\/table><\/figure>\n\n\n\n<p><strong>Weinpr\u00e4sentationen bei ausgew\u00e4hlten Winzern<\/strong><\/p>\n\n\n\n<figure class=\"wp-block-table\"><table><tbody><tr><td>17. &amp; 18. Mai<\/td><td>12 &#8211; 18 Uhr<\/td><td>Weingut Baison, Delkenheimer Str. 18-20, Hochheim<\/td><td>Pr\u00e4sentation im Weingut<\/td><\/tr><tr><td>So. 18. Mai <\/td><td>ab 11 Uhr<\/td><td>WG Bastian Petry, Diedenberger-Weg 10, Massenheim<\/td><td>Weinpr\u00e4sentation 2024er Jahrgang<\/td><\/tr><tr><td>22. &amp;23. 11.<\/td><td><\/td><td>Weingut Baison, Delkenheimer Str. 18-20, Hochheim<\/td><td>Pr\u00e4sentation im Weingut<\/td><\/tr><tr><td>15. &amp; 16. November<\/td><td><\/td><td>Weingut Rebenhof, Frankfurter Str. 57-59, Hochheim<\/td><td>Jahrgangspr\u00e4sentation<\/td><\/tr><\/tbody><\/table><\/figure>\n\n\n\n<p><strong>Weinprobierstand Hochheim am Main<\/strong><br>Mo. und Fr. 17 &#8211; 23 Uhr, Sa. 17 &#8211; 24 Uhr, So. 11 &#8211; 23 Uhr<\/p>\n\n\n\n<figure class=\"wp-block-table\"><table><tbody><tr><td>05.04. \u2013 07.04.<\/td><td>GEMEINSCHAFTSWOCHENENDE<\/td><td>11.07. \u2013 14.07.<\/td><td>HOCHHEIMER WEINFEST<\/td><\/tr><tr><td>11.04. \u2013 14.04.<\/td><td>WEINGUT <a href=\"https:\/\/weingut-diefenhard.de\/\">DIEFENHARD<\/a><\/td><td>18.07. \u2013 21.07.<\/td><td>WEINGUT <a href=\"https:\/\/www.weingut-weinegg.de\/\">IM WEINEGG<\/a><\/td><\/tr><tr><td>19.04. \u2013 21.04.<\/td><td>WEINGUT <a href=\"https:\/\/www.weingut-lindenhof.de\/\">BASTIAN PETRY<\/a><\/td><td>25.07. \u2013 28.07.<\/td><td>WEINGUT <a href=\"https:\/\/www.weingut-falk.de\/\">FALK<\/a><\/td><\/tr><tr><td>25.04. \u2013 28.04.<\/td><td>WEINGUT <a href=\"http:\/\/www.weingut-sack.de\/das-weingut.html\">SACK<\/a><\/td><td>01.08. \u2013 04.08.<\/td><td>WEINGUT <a href=\"http:\/\/weingut-wirschinger.com\/\">WIRSCHINGER<\/a><\/td><\/tr><tr><td>01.05. \u2013 05.05.<\/td><td>WEINGUT <a href=\"https:\/\/www.weingut-hueck.de\/\">H\u00dcCK<\/a><\/td><td>08.08. \u2013 11.08.<\/td><td>WEINGUT <a href=\"https:\/\/www.hotel-duchmann.de\/\">DUCHMANN<\/a><\/td><\/tr><tr><td>09.05. \u2013 12.05.<\/td><td>WEINGUT <a href=\"https:\/\/wein-vom-flick.com\/\">PETER FLICK<\/a><\/td><td>15.08. \u2013 18.08.<\/td><td>WEINGUT <a href=\"https:\/\/weingut-dienst.de\/\">DIENST<\/a><\/td><\/tr><tr><td>16.05. \u2013 19.05.<\/td><td>WEINGUT <a href=\"https:\/\/gutsausschank-klosterhof.de\/\">WEILB\u00c4CHER<\/a><\/td><td>22.08. \u2013 25.08.<\/td><td>WEINGUT <a href=\"https:\/\/weingut-schreiber.de\/\">SCHREIBER<\/a><\/td><\/tr><tr><td>23.05. \u2013 26.05.<\/td><td>WEINGUT <a href=\"https:\/\/www.weingut-baison.de\/Baison\/Willkommen_beim_Weingut_BAISON.html\">BAISON<\/a><\/td><td>29.08. \u2013 01.09.<\/td><td>WEINGUT <a href=\"https:\/\/weingut-preis.de\/\">PREIS<\/a><\/td><\/tr><tr><td>30.05. \u2013 02.06.<\/td><td>WEINGUT <a href=\"https:\/\/veltenwine.com\/\">PETER VELTEN<\/a><\/td><td>05.09. \u2013 08.09.<\/td><td>WEINGUT <a href=\"https:\/\/www.weingut-mitter.de\/\">MITTER<\/a><\/td><\/tr><tr><td>06.06. \u2013 09.06.<\/td><td><a href=\"https:\/\/mainwerk3.de\/#\/home\">MAINWERK 3<\/a> JUNGWINZER<\/td><td>12.09. \u2013 15.09.<\/td><td>WEINGUT <a href=\"https:\/\/www.weingut-falk.de\/\">FALK<\/a><\/td><\/tr><tr><td>13.06. \u2013 16.06.<\/td><td><a href=\"https:\/\/domdechantwerner.com\/\">DOMDECHANT<\/a> WERNER\u2019SCHES WEINGUT<\/td><td>19.09. \u2013 22.09.<\/td><td>WEINGUT <a href=\"https:\/\/weingut-preis.de\/\">PREIS<\/a><\/td><\/tr><tr><td>19.06. \u2013 23.06.<\/td><td>WEINGUT <a href=\"https:\/\/www.wj-schaefer.de\/\">SCH\u00c4FER<\/a><\/td><td>26.09. \u2013 29.09.<\/td><td>WEINGUT <a href=\"https:\/\/www.weingut-mitter.de\/\">MITTER<\/a><\/td><\/tr><tr><td>27.06. \u2013 30.06.<\/td><td>WEINGUT <a href=\"https:\/\/www.weingut-rebenhof.de\/\">REBENHOF<\/a><\/td><td>07.11. \u2013 11.11.<\/td><td>HOCHHEIMER MARKT<br>WEINGUT PREIS<\/td><\/tr><tr><td>04.07. \u2013 07.07.<\/td><td>WEINGUT <a href=\"https:\/\/www.weingut-kuenstler.de\/\">K\u00dcNSTLER<\/a><\/td><td><\/td><td><\/td><\/tr><\/tbody><\/table><figcaption class=\"wp-element-caption\"> <\/figcaption><\/figure>\n\n\n\n<p><strong>Weinfeste in der Region<\/strong><\/p>\n\n\n\n<figure class=\"wp-block-table\"><table><tbody><tr><td>13. &#8211; 15. Juni<\/td><td>Fr ab 16 Uhr&nbsp;<br>Sa ab 14 Uhr&nbsp;<br>So ab 11 Uhr<\/td><td>Hock &amp; Go \u2013 das Fest am Weinerlebnisweg<\/td><td>Hochheim<\/td><\/tr><tr><td>11.-14.<br>Juli<\/td><td>Fr 17 &#8211; 1 Uhr<br>Sa 15 &#8211; 24 Uhr<br>So 13 &#8211; 24 Uhr<br>Mo 17 &#8211; 24 Uhr<\/td><td>Hochheimer Weinfest<\/td><td>Hochheim<\/td><\/tr><tr><td>8. &#8211; 17. August<\/td><td>Mo &#8211; Do, 11 &#8211; 23 Uhr<br>Fr + Sa, 11 &#8211; 24 Uhr<br>So 12 &#8211; 23 Uhr <\/td><td>Rheingauer Weinwoche<\/td><td>Platz vor der Marktkirche, Wiesbaden<\/td><\/tr><tr><td>7. &#8211; 11. Nov.<\/td><td><\/td><td>Hochheimer Markt<\/td><td>Hochheim<\/td><\/tr><\/tbody><\/table><\/figure>\n\n\n\n<p><strong>Afterwork3 im Hummel-Park<\/strong><br>Donnerstag, 8. Mai, 5. Juni, 3. Juli und 7. August   &#8211;   17 &#8211; 22 Uhr<\/p>\n","protected":false},"excerpt":{"rendered":"<p>Hier werden verschiedene Veranstaltungen zum Thema Wein beschrieben. Im VERANSTALTUNGSKALENDER sind die Termine \u00fcbersichtlich eingetragen. Hoffeste verschiedener Winzer 23. &#8211; 26. Mai Fr ab 17 UhrSa &amp; So ab 15 Uhr Weingut Sch\u00e4fer, Elisabethenstr. 4, Hochheim Fr\u00fchlings-Hof- &amp; Stra\u00dfenfest 4. &#8211; 6. Juli ab 16 Uhr Weingut Rebenhof, Frankfurter Str.<\/p>\n","protected":false},"author":1,"featured_media":0,"parent":0,"menu_order":0,"comment_status":"closed","ping_status":"closed","template":"","meta":[],"_links":{"self":[{"href":"https:\/\/kellerfunde.info\/index.php?rest_route=\/wp\/v2\/pages\/91"}],"collection":[{"href":"https:\/\/kellerfunde.info\/index.php?rest_route=\/wp\/v2\/pages"}],"about":[{"href":"https:\/\/kellerfunde.info\/index.php?rest_route=\/wp\/v2\/types\/page"}],"author":[{"embeddable":true,"href":"https:\/\/kellerfunde.info\/index.php?rest_route=\/wp\/v2\/users\/1"}],"replies":[{"embeddable":true,"href":"https:\/\/kellerfunde.info\/index.php?rest_route=%2Fwp%2Fv2%2Fcomments&post=91"}],"version-history":[{"count":23,"href":"https:\/\/kellerfunde.info\/index.php?rest_route=\/wp\/v2\/pages\/91\/revisions"}],"predecessor-version":[{"id":1218,"href":"https:\/\/kellerfunde.info\/index.php?rest_route=\/wp\/v2\/pages\/91\/revisions\/1218"}],"wp:attachment":[{"href":"https:\/\/kellerfunde.info\/index.php?rest_route=%2Fwp%2Fv2%2Fmedia&parent=91"}],"curies":[{"name":"wp","href":"https:\/\/api.w.org\/{rel}","templated":true}]}}